{"id":1355,"date":"2026-01-11T20:31:11","date_gmt":"2026-01-11T20:31:11","guid":{"rendered":"https:\/\/noir.global\/?page_id=1355"},"modified":"2026-01-11T21:35:49","modified_gmt":"2026-01-11T21:35:49","slug":"vision","status":"publish","type":"page","link":"https:\/\/noir.global\/fr\/","title":{"rendered":"Vision"},"content":{"rendered":"","protected":false},"excerpt":{"rendered":"","protected":false},"author":1,"featured_media":0,"parent":0,"menu_order":0,"comment_status":"closed","ping_status":"closed","template":"home-v2","meta":{"_acf_changed":false,"footnotes":""},"class_list":["post-1355","page","type-page","status-publish","hentry"],"acf":[],"yoast_head":"<!-- This site is optimized with the Yoast SEO plugin v26.6 - https:\/\/yoast.com\/wordpress\/plugins\/seo\/ -->\n<title>Vision - NOIR - Partenaire strat\u00e9gique pour d\u00e9velopper une marque culturelle<\/title>\n<meta name=\"description\" content=\"Nous accompagnons les marques \u00e0 transformer leur vision en ex\u00e9cution. Nous construisons des syst\u00e8mes de marque, assets et r\u00e9cits iconiques \u00e0 fort impact culturel et commercial.\" \/>\n<meta name=\"robots\" content=\"index, follow, max-snippet:-1, max-image-preview:large, max-video-preview:-1\" \/>\n<link rel=\"canonical\" href=\"https:\/\/noir.global\/fr\/\" \/>\n<meta property=\"og:locale\" content=\"fr_FR\" \/>\n<meta property=\"og:type\" content=\"article\" \/>\n<meta property=\"og:title\" content=\"Vision - NOIR - Partenaire strat\u00e9gique pour d\u00e9velopper une marque culturelle\" \/>\n<meta property=\"og:description\" content=\"Nous accompagnons les marques \u00e0 transformer leur vision en ex\u00e9cution. Nous construisons des syst\u00e8mes de marque, assets et r\u00e9cits iconiques \u00e0 fort impact culturel et commercial.\" \/>\n<meta property=\"og:url\" content=\"https:\/\/noir.global\/fr\/\" \/>\n<meta property=\"og:site_name\" content=\"NOIR\" \/>\n<meta property=\"article:modified_time\" content=\"2026-01-11T21:35:49+00:00\" \/>\n<meta property=\"og:image\" content=\"https:\/\/noir.global\/wp-content\/uploads\/2026\/01\/Silhouette01_Movement03_Closeup-min-scaled.webp\" \/>\n\t<meta property=\"og:image:width\" content=\"2048\" \/>\n\t<meta property=\"og:image:height\" content=\"2560\" \/>\n\t<meta property=\"og:image:type\" content=\"image\/webp\" \/>\n<meta name=\"twitter:card\" content=\"summary_large_image\" \/>\n<script type=\"application\/ld+json\" class=\"yoast-schema-graph\">{\"@context\":\"https:\/\/schema.org\",\"@graph\":[{\"@type\":\"WebPage\",\"@id\":\"https:\/\/noir.global\/fr\/\",\"url\":\"https:\/\/noir.global\/fr\/\",\"name\":\"Vision - NOIR - Partenaire strat\u00e9gique pour d\u00e9velopper une marque culturelle\",\"isPartOf\":{\"@id\":\"https:\/\/noir.global\/fr\/#website\"},\"datePublished\":\"2026-01-11T20:31:11+00:00\",\"dateModified\":\"2026-01-11T21:35:49+00:00\",\"description\":\"Nous accompagnons les marques \u00e0 transformer leur vision en ex\u00e9cution. Nous construisons des syst\u00e8mes de marque, assets et r\u00e9cits iconiques \u00e0 fort impact culturel et commercial.\",\"inLanguage\":\"fr-FR\",\"potentialAction\":[{\"@type\":\"ReadAction\",\"target\":[\"https:\/\/noir.global\/fr\/\"]}]},{\"@type\":\"WebSite\",\"@id\":\"https:\/\/noir.global\/fr\/#website\",\"url\":\"https:\/\/noir.global\/fr\/\",\"name\":\"NOIR\",\"description\":\"Service de design\",\"potentialAction\":[{\"@type\":\"SearchAction\",\"target\":{\"@type\":\"EntryPoint\",\"urlTemplate\":\"https:\/\/noir.global\/fr\/?s={search_term_string}\"},\"query-input\":{\"@type\":\"PropertyValueSpecification\",\"valueRequired\":true,\"valueName\":\"search_term_string\"}}],\"inLanguage\":\"fr-FR\"}]}<\/script>\n<!-- \/ Yoast SEO plugin. -->","yoast_head_json":{"title":"Vision - NOIR - Partenaire strat\u00e9gique pour d\u00e9velopper une marque culturelle","description":"Nous accompagnons les marques \u00e0 transformer leur vision en ex\u00e9cution. Nous construisons des syst\u00e8mes de marque, assets et r\u00e9cits iconiques \u00e0 fort impact culturel et commercial.","robots":{"index":"index","follow":"follow","max-snippet":"max-snippet:-1","max-image-preview":"max-image-preview:large","max-video-preview":"max-video-preview:-1"},"canonical":"https:\/\/noir.global\/fr\/","og_locale":"fr_FR","og_type":"article","og_title":"Vision - NOIR - Partenaire strat\u00e9gique pour d\u00e9velopper une marque culturelle","og_description":"Nous accompagnons les marques \u00e0 transformer leur vision en ex\u00e9cution. Nous construisons des syst\u00e8mes de marque, assets et r\u00e9cits iconiques \u00e0 fort impact culturel et commercial.","og_url":"https:\/\/noir.global\/fr\/","og_site_name":"NOIR","article_modified_time":"2026-01-11T21:35:49+00:00","og_image":[{"width":2048,"height":2560,"url":"https:\/\/noir.global\/wp-content\/uploads\/2026\/01\/Silhouette01_Movement03_Closeup-min-scaled.webp","type":"image\/webp"}],"twitter_card":"summary_large_image","schema":{"@context":"https:\/\/schema.org","@graph":[{"@type":"WebPage","@id":"https:\/\/noir.global\/fr\/","url":"https:\/\/noir.global\/fr\/","name":"Vision - NOIR - Partenaire strat\u00e9gique pour d\u00e9velopper une marque culturelle","isPartOf":{"@id":"https:\/\/noir.global\/fr\/#website"},"datePublished":"2026-01-11T20:31:11+00:00","dateModified":"2026-01-11T21:35:49+00:00","description":"Nous accompagnons les marques \u00e0 transformer leur vision en ex\u00e9cution. Nous construisons des syst\u00e8mes de marque, assets et r\u00e9cits iconiques \u00e0 fort impact culturel et commercial.","inLanguage":"fr-FR","potentialAction":[{"@type":"ReadAction","target":["https:\/\/noir.global\/fr\/"]}]},{"@type":"WebSite","@id":"https:\/\/noir.global\/fr\/#website","url":"https:\/\/noir.global\/fr\/","name":"NOIR","description":"Service de design","potentialAction":[{"@type":"SearchAction","target":{"@type":"EntryPoint","urlTemplate":"https:\/\/noir.global\/fr\/?s={search_term_string}"},"query-input":{"@type":"PropertyValueSpecification","valueRequired":true,"valueName":"search_term_string"}}],"inLanguage":"fr-FR"}]}},"_links":{"self":[{"href":"https:\/\/noir.global\/fr\/wp-json\/wp\/v2\/pages\/1355","targetHints":{"allow":["GET"]}}],"collection":[{"href":"https:\/\/noir.global\/fr\/wp-json\/wp\/v2\/pages"}],"about":[{"href":"https:\/\/noir.global\/fr\/wp-json\/wp\/v2\/types\/page"}],"author":[{"embeddable":true,"href":"https:\/\/noir.global\/fr\/wp-json\/wp\/v2\/users\/1"}],"replies":[{"embeddable":true,"href":"https:\/\/noir.global\/fr\/wp-json\/wp\/v2\/comments?post=1355"}],"version-history":[{"count":6,"href":"https:\/\/noir.global\/fr\/wp-json\/wp\/v2\/pages\/1355\/revisions"}],"predecessor-version":[{"id":1373,"href":"https:\/\/noir.global\/fr\/wp-json\/wp\/v2\/pages\/1355\/revisions\/1373"}],"wp:attachment":[{"href":"https:\/\/noir.global\/fr\/wp-json\/wp\/v2\/media?parent=1355"}],"curies":[{"name":"wp","href":"https:\/\/api.w.org\/{rel}","templated":true}]}}